{"id":101,"date":"2025-02-15T18:48:55","date_gmt":"2025-02-15T18:48:55","guid":{"rendered":"https:\/\/wp5708333.hostingrd.pl\/?page_id=101"},"modified":"2026-04-10T10:50:59","modified_gmt":"2026-04-10T10:50:59","slug":"harmonogram-wycieczek","status":"publish","type":"page","link":"https:\/\/atut.turystyka.pl\/pl\/harmonogram-wycieczek\/","title":{"rendered":"Harmonogram wycieczek"},"content":{"rendered":"\t\t<div data-elementor-type=\"wp-page\" data-elementor-id=\"101\" class=\"elementor elementor-101\">\n\t\t\t\t<div class=\"elementor-element elementor-element-7d322cb e-flex e-con-boxed e-con e-parent\" data-id=\"7d322cb\" data-element_type=\"container\">\n\t\t\t\t\t<div class=\"e-con-inner\">\n\t\t\t\t<div class=\"elementor-element elementor-element-7464307 elementor-widget elementor-widget-text-editor\" data-id=\"7464307\" data-element_type=\"widget\" data-widget_type=\"text-editor.default\">\n\t\t\t\t<div class=\"elementor-widget-container\">\n\t\t\t\t\t\t\t\t\t<h1 style=\"text-align: center;\"><span style=\"color: #000000; font-family: georgia, palatino, serif;\"><b>***********************************************<\/b><\/span><\/h1><h1 style=\"text-align: center;\"><span style=\"color: #317a42; font-size: 24px; font-family: georgia, palatino, serif;\"><a style=\"color: #317a42;\" title=\"Wczasy2025\" href=\"https:\/\/www.atut.turystyka.pl\/szczegolowe\/wczasy2026.pdf\">WCZASY 2026<\/a><\/span><\/h1><h1 style=\"text-align: center;\"><span style=\"color: #000000; font-family: georgia, palatino, serif;\"><b>***********************************************<\/b><\/span><\/h1><h1 style=\"text-align: center;\"><span style=\"font-family: georgia, palatino, serif; color: #000000; font-size: 36px;\">PROGRAM 2026<\/span><\/h1><h1 style=\"text-align: center;\"><a href=\"https:\/\/www.atut.turystyka.pl\/szczegolowe\/0102032026.pdf\"><span style=\"color: #317a42; font-family: georgia, palatino, serif;\"><span style=\"font-size: 24px;\">ZIMA 2026<\/span><\/span><\/a><\/h1><h1 style=\"text-align: center;\"><a href=\"https:\/\/www.atut.turystyka.pl\/szczegolowe\/0405062026.pdf\"><span style=\"color: #317a42; font-family: georgia, palatino, serif;\"><span style=\"font-size: 24px;\">WIOSNA 2026<\/span><\/span><\/a><\/h1><h1 style=\"text-align: center;\"><a href=\"https:\/\/www.atut.turystyka.pl\/szczegolowe\/0708092026.pdf\"><span style=\"color: #317a42; font-family: georgia, palatino, serif;\"><span style=\"font-size: 24px;\">LATO 2026<\/span><\/span><\/a><\/h1><h1 style=\"text-align: center;\"><a href=\"https:\/\/www.atut.turystyka.pl\/szczegolowe\/1011122026.pdf\"><span style=\"color: #317a42; font-family: georgia, palatino, serif;\"><span style=\"font-size: 24px;\">JESIE\u0143 2026<\/span><\/span><\/a><\/h1><h1 style=\"text-align: center;\"><span style=\"color: #000000; font-family: georgia, palatino, serif;\"><b>***********************************************<\/b><\/span><\/h1><h1 style=\"text-align: center;\"><span style=\"font-family: georgia, palatino, serif; color: #000000; font-size: 36px;\">PROGRAMY MIESI\u0118CZNE 2026<br \/><\/span><\/h1><h1 style=\"text-align: center;\"><span style=\"color: #000000; font-family: georgia, palatino, serif;\"><b>***********************************************<\/b><\/span><\/h1><h1 style=\"text-align: center;\"><a href=\"https:\/\/www.atut.turystyka.pl\/szczegolowe\/26010203.pdf\"><span style=\"color: #317a42; font-size: 24px; font-family: georgia, palatino, serif;\">LUTY &#8211; MARZEC<\/span><\/a><\/h1><h1 style=\"text-align: center;\"><a href=\"https:\/\/www.atut.turystyka.pl\/szczegolowe\/2026040506.pdf\"><span style=\"color: #317a42; font-size: 24px; font-family: georgia, palatino, serif;\">KWIECIE\u0143 &#8211; MAJ &#8211; CZERWIEC<\/span><\/a><\/h1><h1 style=\"text-align: center;\"><span style=\"color: #000000; font-family: georgia, palatino, serif;\"><b>***********************************************<\/b><\/span><\/h1><pre style=\"text-align: center;\"><span style=\"font-family: georgia, palatino, serif; font-size: 12px;\">Przedstawiona oferta cenowa ma charakter informacyjny i nie stanowi oferty handlowej<\/span><br \/><span style=\"font-family: georgia, palatino, serif; font-size: 12px;\">w rozumieniu Art.66 par.1 Kodeksu Cywilnego<\/span><br \/><span style=\"font-family: georgia, palatino, serif; font-size: 12px;\">wszelkich szczeg\u00f3\u0142owych informacji na temat wyjazd\u00f3w dowiedz\u0105 si\u0119 Pa\u0144stwo<\/span><br \/><span style=\"font-family: georgia, palatino, serif; font-size: 12px;\">w biurze obs\u0142ugi klienta w godzinach jego otwarcia.<\/span><\/pre>\t\t\t\t\t\t\t\t<\/div>\n\t\t\t\t<\/div>\n\t\t\t\t\t<\/div>\n\t\t\t\t<\/div>\n\t\t\t\t<\/div>\n\t\t","protected":false},"excerpt":{"rendered":"<p>*********************************************** WCZASY 2026 *********************************************** PROGRAM 2026 ZIMA 2026 WIOSNA 2026 LATO 2026 JESIE\u0143 2026 *********************************************** PROGRAMY MIESI\u0118CZNE 2026 *********************************************** LUTY &#8211; MARZEC KWIECIE\u0143 &#8211; MAJ &#8211; CZERWIEC *********************************************** Przedstawiona oferta cenowa ma charakter informacyjny i nie stanowi oferty handlowejw rozumieniu Art.66 par.1 Kodeksu Cywilnegowszelkich szczeg\u00f3\u0142owych informacji na temat wyjazd\u00f3w dowiedz\u0105 si\u0119 Pa\u0144stwow biurze obs\u0142ugi klienta [&hellip;]<\/p>\n","protected":false},"author":1,"featured_media":0,"parent":0,"menu_order":0,"comment_status":"closed","ping_status":"closed","template":"elementor_header_footer","meta":{"ocean_post_layout":"","ocean_both_sidebars_style":"","ocean_both_sidebars_content_width":0,"ocean_both_sidebars_sidebars_width":0,"ocean_sidebar":"","ocean_second_sidebar":"","ocean_disable_margins":"enable","ocean_add_body_class":"","ocean_shortcode_before_top_bar":"","ocean_shortcode_after_top_bar":"","ocean_shortcode_before_header":"","ocean_shortcode_after_header":"","ocean_has_shortcode":"","ocean_shortcode_after_title":"","ocean_shortcode_before_footer_widgets":"","ocean_shortcode_after_footer_widgets":"","ocean_shortcode_before_footer_bottom":"","ocean_shortcode_after_footer_bottom":"","ocean_display_top_bar":"default","ocean_display_header":"default","ocean_header_style":"","ocean_center_header_left_menu":"","ocean_custom_header_template":"","ocean_custom_logo":0,"ocean_custom_retina_logo":0,"ocean_custom_logo_max_width":0,"ocean_custom_logo_tablet_max_width":0,"ocean_custom_logo_mobile_max_width":0,"ocean_custom_logo_max_height":0,"ocean_custom_logo_tablet_max_height":0,"ocean_custom_logo_mobile_max_height":0,"ocean_header_custom_menu":"","ocean_menu_typo_font_family":"","ocean_menu_typo_font_subset":"","ocean_menu_typo_font_size":0,"ocean_menu_typo_font_size_tablet":0,"ocean_menu_typo_font_size_mobile":0,"ocean_menu_typo_font_size_unit":"px","ocean_menu_typo_font_weight":"","ocean_menu_typo_font_weight_tablet":"","ocean_menu_typo_font_weight_mobile":"","ocean_menu_typo_transform":"","ocean_menu_typo_transform_tablet":"","ocean_menu_typo_transform_mobile":"","ocean_menu_typo_line_height":0,"ocean_menu_typo_line_height_tablet":0,"ocean_menu_typo_line_height_mobile":0,"ocean_menu_typo_line_height_unit":"","ocean_menu_typo_spacing":0,"ocean_menu_typo_spacing_tablet":0,"ocean_menu_typo_spacing_mobile":0,"ocean_menu_typo_spacing_unit":"","ocean_menu_link_color":"","ocean_menu_link_color_hover":"","ocean_menu_link_color_active":"","ocean_menu_link_background":"","ocean_menu_link_hover_background":"","ocean_menu_link_active_background":"","ocean_menu_social_links_bg":"","ocean_menu_social_hover_links_bg":"","ocean_menu_social_links_color":"","ocean_menu_social_hover_links_color":"","ocean_disable_title":"default","ocean_disable_heading":"default","ocean_post_title":"","ocean_post_subheading":"","ocean_post_title_style":"","ocean_post_title_background_color":"","ocean_post_title_background":0,"ocean_post_title_bg_image_position":"","ocean_post_title_bg_image_attachment":"","ocean_post_title_bg_image_repeat":"","ocean_post_title_bg_image_size":"","ocean_post_title_height":0,"ocean_post_title_bg_overlay":0.5,"ocean_post_title_bg_overlay_color":"","ocean_disable_breadcrumbs":"default","ocean_breadcrumbs_color":"","ocean_breadcrumbs_separator_color":"","ocean_breadcrumbs_links_color":"","ocean_breadcrumbs_links_hover_color":"","ocean_display_footer_widgets":"default","ocean_display_footer_bottom":"default","ocean_custom_footer_template":"","footnotes":""},"class_list":["post-101","page","type-page","status-publish","hentry","entry"],"_links":{"self":[{"href":"https:\/\/atut.turystyka.pl\/pl\/wp-json\/wp\/v2\/pages\/101","targetHints":{"allow":["GET"]}}],"collection":[{"href":"https:\/\/atut.turystyka.pl\/pl\/wp-json\/wp\/v2\/pages"}],"about":[{"href":"https:\/\/atut.turystyka.pl\/pl\/wp-json\/wp\/v2\/types\/page"}],"author":[{"embeddable":true,"href":"https:\/\/atut.turystyka.pl\/pl\/wp-json\/wp\/v2\/users\/1"}],"replies":[{"embeddable":true,"href":"https:\/\/atut.turystyka.pl\/pl\/wp-json\/wp\/v2\/comments?post=101"}],"version-history":[{"count":61,"href":"https:\/\/atut.turystyka.pl\/pl\/wp-json\/wp\/v2\/pages\/101\/revisions"}],"predecessor-version":[{"id":483,"href":"https:\/\/atut.turystyka.pl\/pl\/wp-json\/wp\/v2\/pages\/101\/revisions\/483"}],"wp:attachment":[{"href":"https:\/\/atut.turystyka.pl\/pl\/wp-json\/wp\/v2\/media?parent=101"}],"curies":[{"name":"wp","href":"https:\/\/api.w.org\/{rel}","templated":true}]}}