{"id":126,"date":"2025-02-15T19:18:04","date_gmt":"2025-02-15T19:18:04","guid":{"rendered":"https:\/\/wp5708333.hostingrd.pl\/?page_id=126"},"modified":"2025-10-27T11:22:39","modified_gmt":"2025-10-27T11:22:39","slug":"elementor-strona-126","status":"publish","type":"page","link":"https:\/\/atut.turystyka.pl\/pl\/elementor-strona-126\/","title":{"rendered":"Kontakt"},"content":{"rendered":"\t\t<div data-elementor-type=\"wp-page\" data-elementor-id=\"126\" class=\"elementor elementor-126\">\n\t\t\t\t<div class=\"elementor-element elementor-element-9ca04e0 e-flex e-con-boxed e-con e-parent\" data-id=\"9ca04e0\" data-element_type=\"container\" data-e-type=\"container\">\n\t\t\t\t\t<div class=\"e-con-inner\">\n\t\t\t\t<div class=\"elementor-element elementor-element-307bd4b elementor-widget__width-inherit elementor-widget elementor-widget-text-editor\" data-id=\"307bd4b\" data-element_type=\"widget\" data-e-type=\"widget\" data-widget_type=\"text-editor.default\">\n\t\t\t\t<div class=\"elementor-widget-container\">\n\t\t\t\t\t\t\t\t\t<h3 style=\"text-align: center;\"><span style=\"font-family: georgia, palatino, serif;\">Szczeg\u00f3\u0142owych informacji udziela i zapisy przyjmuje<\/span><\/h3><h3 style=\"text-align: center;\"><span style=\"font-family: georgia, palatino, serif;\">Biuro Podr\u00f3\u017cy ATUT S.C.<\/span><\/h3><h3 style=\"text-align: center;\"><span style=\"font-family: georgia, palatino, serif;\">od poniedzia\u0142ku do czwartku w godzinach od 12.00 do 17.00<\/span><\/h3><h3 style=\"text-align: center;\"><span style=\"font-family: georgia, palatino, serif;\">Adres: 41-712 Ruda \u015al\u0105ska &#8211; Godula, ul. Podlas 16\/01 (parter) nr domofonu 30<\/span><\/h3><h3 style=\"text-align: center;\"><span style=\"font-family: georgia, palatino, serif;\">tel. (32) 2 &#8211; 480 &#8211; 180<\/span><\/h3><h3 style=\"text-align: center;\"><span style=\"font-family: georgia, palatino, serif;\">Nr konta: 03 1050 1331 1000 0010 0114 8327<\/span><\/h3><h1 style=\"text-align: center;\"><span style=\"font-family: georgia, palatino, serif;\">Numer awaryjny:<\/span><\/h1><h1 style=\"text-align: center;\"><span style=\"font-family: georgia, palatino, serif;\">(tylko w sytuacjach niecierpi\u0105cych zw\u0142oki)<\/span><\/h1><p style=\"text-align: center;\"><span style=\"font-family: georgia, palatino, serif;\"><strong><span style=\"color: #e03e2d;\">NIE ODBIERAMY W GODZINACH I DNIACH GDY CZYNNE JEST BIURO !<\/span><\/strong><\/span><\/p><h1 style=\"text-align: center;\"><span style=\"font-family: georgia, palatino, serif;\"><strong>0048 533 302 628<\/strong><\/span><\/h1><h1 style=\"text-align: center;\"><span style=\"font-family: georgia, palatino, serif;\">********<\/span><\/h1><h1 style=\"text-align: center;\"><span style=\"color: #317a42; font-family: georgia, palatino, serif;\"><a style=\"color: #317a42;\" href=\"..\/szczegolowe\/certyfikat.jpg\">CERTYFIKAT GWARANCJI UBEZPIECZENIA<\/a><\/span><\/h1><h1 style=\"text-align: center;\"><span style=\"font-family: georgia, palatino, serif;\">********<\/span><\/h1><h1 style=\"text-align: center;\"><span style=\"color: #317a42; font-family: georgia, palatino, serif;\"><a style=\"color: #317a42;\" href=\"..\/szczegolowe\/ATUTREGULAMIN2025.pdf\">REGULAMIN UCZESTNICTWA W IMPREZACH ORGANIZOWANYCH PRZEZ BP ATUT s.c.<\/a><\/span><\/h1><h1 style=\"text-align: center;\"><span style=\"font-family: georgia, palatino, serif;\">********<\/span><\/h1><h4 style=\"text-align: center;\"><span style=\"font-family: georgia, palatino, serif;\">Miejsce odjazdu wycieczek w kt\u00f3rych<\/span><br \/><span style=\"font-family: georgia, palatino, serif;\">wszyscy wsiadaj\u0105 w jednym miejscu (niedaleko BP ATUT)<\/span><\/h4><h2 style=\"text-align: center;\"><span style=\"font-family: georgia, palatino, serif; color: #169179;\">1 &#8211; Podlas 16 (siedziba BP ATUT)<\/span><\/h2><h2 style=\"text-align: center;\"><span style=\"font-family: georgia, palatino, serif; color: #169179;\">2 &#8211; parking <span style=\"color: #2dc26b;\">ul. Podlas 36e lub ul. Bytomska 7a<\/span><\/span><br \/><span style=\"font-family: georgia, palatino, serif; color: #169179;\">( takie adresy w mapie Google doprowadz\u0105\u00a0<\/span><br \/><span style=\"font-family: georgia, palatino, serif; color: #169179;\">do parkingu z kt\u00f3rego ruszaj\u0105 wycieczki<\/span><br \/><span style=\"font-family: georgia, palatino, serif; color: #169179;\">bez zbierania uczestnik\u00f3w )<\/span><\/h2>\t\t\t\t\t\t\t\t<\/div>\n\t\t\t\t<\/div>\n\t\t\t\t<div class=\"elementor-element elementor-element-751bfb5 elementor-widget elementor-widget-image\" data-id=\"751bfb5\" data-element_type=\"widget\" data-e-type=\"widget\" data-widget_type=\"image.default\">\n\t\t\t\t<div class=\"elementor-widget-container\">\n\t\t\t\t\t\t\t\t\t\t\t\t\t\t\t<img fetchpriority=\"high\" decoding=\"async\" width=\"765\" height=\"1024\" src=\"https:\/\/atut.turystyka.pl\/pl\/wp-content\/uploads\/2025\/02\/mapaatut-765x1024.jpg\" class=\"attachment-large size-large wp-image-136\" alt=\"\" srcset=\"https:\/\/atut.turystyka.pl\/pl\/wp-content\/uploads\/2025\/02\/mapaatut-765x1024.jpg 765w, https:\/\/atut.turystyka.pl\/pl\/wp-content\/uploads\/2025\/02\/mapaatut-224x300.jpg 224w, https:\/\/atut.turystyka.pl\/pl\/wp-content\/uploads\/2025\/02\/mapaatut-768x1029.jpg 768w, https:\/\/atut.turystyka.pl\/pl\/wp-content\/uploads\/2025\/02\/mapaatut.jpg 964w\" sizes=\"(max-width: 765px) 100vw, 765px\" \/>\t\t\t\t\t\t\t\t\t\t\t\t\t\t\t<\/div>\n\t\t\t\t<\/div>\n\t\t\t\t\t<\/div>\n\t\t\t\t<\/div>\n\t\t\t\t<\/div>\n\t\t","protected":false},"excerpt":{"rendered":"<p>Szczeg\u00f3\u0142owych informacji udziela i zapisy przyjmuje Biuro Podr\u00f3\u017cy ATUT S.C. od poniedzia\u0142ku do czwartku w godzinach od 12.00 do 17.00 Adres: 41-712 Ruda \u015al\u0105ska &#8211; Godula, ul. Podlas 16\/01 (parter) nr domofonu 30 tel. (32) 2 &#8211; 480 &#8211; 180 Nr konta: 03 1050 1331 1000 0010 0114 8327 Numer awaryjny: (tylko w sytuacjach niecierpi\u0105cych [&hellip;]<\/p>\n","protected":false},"author":1,"featured_media":0,"parent":0,"menu_order":0,"comment_status":"closed","ping_status":"closed","template":"elementor_header_footer","meta":{"ocean_post_layout":"","ocean_both_sidebars_style":"","ocean_both_sidebars_content_width":0,"ocean_both_sidebars_sidebars_width":0,"ocean_sidebar":"","ocean_second_sidebar":"","ocean_disable_margins":"enable","ocean_add_body_class":"","ocean_shortcode_before_top_bar":"","ocean_shortcode_after_top_bar":"","ocean_shortcode_before_header":"","ocean_shortcode_after_header":"","ocean_has_shortcode":"","ocean_shortcode_after_title":"","ocean_shortcode_before_footer_widgets":"","ocean_shortcode_after_footer_widgets":"","ocean_shortcode_before_footer_bottom":"","ocean_shortcode_after_footer_bottom":"","ocean_display_top_bar":"default","ocean_display_header":"default","ocean_header_style":"","ocean_center_header_left_menu":"","ocean_custom_header_template":"","ocean_custom_logo":0,"ocean_custom_retina_logo":0,"ocean_custom_logo_max_width":0,"ocean_custom_logo_tablet_max_width":0,"ocean_custom_logo_mobile_max_width":0,"ocean_custom_logo_max_height":0,"ocean_custom_logo_tablet_max_height":0,"ocean_custom_logo_mobile_max_height":0,"ocean_header_custom_menu":"","ocean_menu_typo_font_family":"","ocean_menu_typo_font_subset":"","ocean_menu_typo_font_size":0,"ocean_menu_typo_font_size_tablet":0,"ocean_menu_typo_font_size_mobile":0,"ocean_menu_typo_font_size_unit":"px","ocean_menu_typo_font_weight":"","ocean_menu_typo_font_weight_tablet":"","ocean_menu_typo_font_weight_mobile":"","ocean_menu_typo_transform":"","ocean_menu_typo_transform_tablet":"","ocean_menu_typo_transform_mobile":"","ocean_menu_typo_line_height":0,"ocean_menu_typo_line_height_tablet":0,"ocean_menu_typo_line_height_mobile":0,"ocean_menu_typo_line_height_unit":"","ocean_menu_typo_spacing":0,"ocean_menu_typo_spacing_tablet":0,"ocean_menu_typo_spacing_mobile":0,"ocean_menu_typo_spacing_unit":"","ocean_menu_link_color":"","ocean_menu_link_color_hover":"","ocean_menu_link_color_active":"","ocean_menu_link_background":"","ocean_menu_link_hover_background":"","ocean_menu_link_active_background":"","ocean_menu_social_links_bg":"","ocean_menu_social_hover_links_bg":"","ocean_menu_social_links_color":"","ocean_menu_social_hover_links_color":"","ocean_disable_title":"default","ocean_disable_heading":"default","ocean_post_title":"","ocean_post_subheading":"","ocean_post_title_style":"","ocean_post_title_background_color":"","ocean_post_title_background":0,"ocean_post_title_bg_image_position":"","ocean_post_title_bg_image_attachment":"","ocean_post_title_bg_image_repeat":"","ocean_post_title_bg_image_size":"","ocean_post_title_height":0,"ocean_post_title_bg_overlay":0.5,"ocean_post_title_bg_overlay_color":"","ocean_disable_breadcrumbs":"default","ocean_breadcrumbs_color":"","ocean_breadcrumbs_separator_color":"","ocean_breadcrumbs_links_color":"","ocean_breadcrumbs_links_hover_color":"","ocean_display_footer_widgets":"default","ocean_display_footer_bottom":"default","ocean_custom_footer_template":"","footnotes":""},"class_list":["post-126","page","type-page","status-publish","hentry","entry"],"_links":{"self":[{"href":"https:\/\/atut.turystyka.pl\/pl\/wp-json\/wp\/v2\/pages\/126","targetHints":{"allow":["GET"]}}],"collection":[{"href":"https:\/\/atut.turystyka.pl\/pl\/wp-json\/wp\/v2\/pages"}],"about":[{"href":"https:\/\/atut.turystyka.pl\/pl\/wp-json\/wp\/v2\/types\/page"}],"author":[{"embeddable":true,"href":"https:\/\/atut.turystyka.pl\/pl\/wp-json\/wp\/v2\/users\/1"}],"replies":[{"embeddable":true,"href":"https:\/\/atut.turystyka.pl\/pl\/wp-json\/wp\/v2\/comments?post=126"}],"version-history":[{"count":17,"href":"https:\/\/atut.turystyka.pl\/pl\/wp-json\/wp\/v2\/pages\/126\/revisions"}],"predecessor-version":[{"id":339,"href":"https:\/\/atut.turystyka.pl\/pl\/wp-json\/wp\/v2\/pages\/126\/revisions\/339"}],"wp:attachment":[{"href":"https:\/\/atut.turystyka.pl\/pl\/wp-json\/wp\/v2\/media?parent=126"}],"curies":[{"name":"wp","href":"https:\/\/api.w.org\/{rel}","templated":true}]}}