{"id":87,"date":"2025-02-15T17:46:56","date_gmt":"2025-02-15T17:46:56","guid":{"rendered":"https:\/\/wp5708333.hostingrd.pl\/?page_id=87"},"modified":"2025-02-15T17:52:03","modified_gmt":"2025-02-15T17:52:03","slug":"z-rodzina-biura-atut","status":"publish","type":"page","link":"https:\/\/atut.turystyka.pl\/pl\/z-rodzina-biura-atut\/","title":{"rendered":"Cztery pory roku z rodzin\u0105 Biura Atut !"},"content":{"rendered":"\t\t<div data-elementor-type=\"wp-page\" data-elementor-id=\"87\" class=\"elementor elementor-87\">\n\t\t\t\t<div class=\"elementor-element elementor-element-16e02e2d e-flex e-con-boxed e-con e-parent\" data-id=\"16e02e2d\" data-element_type=\"container\" data-e-type=\"container\">\n\t\t\t\t\t<div class=\"e-con-inner\">\n\t\t\t\t<div class=\"elementor-element elementor-element-4b4a24ff elementor-widget elementor-widget-text-editor\" data-id=\"4b4a24ff\" data-element_type=\"widget\" data-e-type=\"widget\" data-widget_type=\"text-editor.default\">\n\t\t\t\t<div class=\"elementor-widget-container\">\n\t\t\t\t\t\t\t\t\t\n<p style=\"text-align: center;\">W <strong>1994<\/strong> roku <strong>zrodzi\u0142a si\u0119 my\u015bl za\u0142o\u017cenia wyj\u0105tkowego biura podr\u00f3\u017cy<\/strong>, kt\u00f3re \u0142\u0105czy\u0142oby ludzi otwartego serca,<\/p>\n\n<p style=\"text-align: center;\">przyja\u017anie nastawionych do drugiego cz\u0142owieka oraz spragnionych wra\u017ce\u0144 i poznawania \u015bwiata.<\/p>\n\n<p style=\"text-align: center;\">Z czasem okaza\u0142o si\u0119, \u017ce idea ta zosta\u0142a przyj\u0119ta z entuzjazmem.<\/p>\n\n<p style=\"text-align: center;\">Z tego te\u017c powodu w <strong>2001<\/strong> roku <strong>pojawi\u0142 si\u0119 kolejny pomys\u0142<\/strong>,<\/p>\n\n<p style=\"text-align: center;\">aby da\u0107 sobie szans\u0119 na cz\u0119stsze ni\u017c dotychczas spotkania,<\/p>\n\n<p style=\"text-align: center;\">kt\u00f3re mia\u0142yby miejsce nie tylko podczas wyjazd\u00f3w,<\/p>\n\n<p style=\"text-align: center;\">ale tak\u017ce tam, gdzie wszystko si\u0119 zacz\u0119\u0142o, czyli w Rudzie \u015al\u0105skiej.<\/p>\n\n<p style=\"text-align: center;\">Postanowili\u015bmy rozpocz\u0105\u0107 <strong>cykl spotka\u0144 pod nazw\u0105 &#8222;Cztery Pory Roku&#8221;<\/strong>,<\/p>\n\n<p style=\"text-align: center;\">kt\u00f3rego fundamentem s\u0105 cokwartalne spotkania z tymi,<\/p>\n\n<p style=\"text-align: center;\">kt\u00f3rzy wiernie krocz\u0105 z nami turystyczno-pielgrzymkowym szlakiem.<\/p>\n\n<p style=\"text-align: center;\">Te spotkania pe\u0142ne wspomnie\u0144, plan\u00f3w na przysz\u0142o\u015b\u0107<\/p>\n\n<p style=\"text-align: center;\">oraz wymiany do\u015bwiadcze\u0144 sta\u0142y si\u0119 wspania\u0142ym przyk\u0142adem tego,<\/p>\n\n<p style=\"text-align: center;\">\u017ce biuro podr\u00f3\u017cy mo\u017ce spe\u0142nia\u0107 rol\u0119 rodziny, kt\u00f3r\u0105 mimo braku wi\u0119z\u00f3w krwi wiele \u0142\u0105czy.<\/p>\n\n<p style=\"text-align: center;\">Dlatego te\u017c gor\u0105co zapraszamy &#8211; <strong>przy\u0142\u0105cz si\u0119 do nas<\/strong>!<\/p>\n\n<p style=\"text-align: center;\">Wyjed\u017a z nami przynajmniej 3 razy w danym kwartale i zaklasyfikuj si\u0119 do grupy pierwszych (a\u017c!) 50 os\u00f3b,<\/p>\n\n<p style=\"text-align: center;\">kt\u00f3re sp\u0119dzaj\u0105 z nami najwi\u0119cej dni w podr\u00f3\u017cy, a b\u0119dziesz mia\u0142\/a okazj\u0119 spotka\u0107 si\u0119<\/p>\n\n<p style=\"text-align: center;\">w rodzinnym, atutowym gronie na wsp\u00f3lnym \u015bwi\u0119towaniu przy dobrej kawie i smacznym cie\u015bcie<\/p>\n\n<p style=\"text-align: center;\">okraszonych mo\u017cliwo\u015bci\u0105 wygrania nagr\u00f3d w postaci wycieczek.<\/p>\n\n<h1 class=\"wp-block-heading\" style=\"text-align: center;\"><strong>PODR\u00d3\u017bUJ, BAW SI\u0118 RAZEM Z NAMI I \u2026 WYGRYWAJ !<\/strong><\/h1>\n\n<p style=\"text-align: center;\"><strong>Serdecznie zapraszamy<\/strong><\/p>\n\n<p style=\"text-align: center;\"><strong>Hanna i Jan<\/strong><\/p>\n\t\t\t\t\t\t\t\t<\/div>\n\t\t\t\t<\/div>\n\t\t\t\t\t<\/div>\n\t\t\t\t<\/div>\n\t\t\t\t<\/div>\n\t\t","protected":false},"excerpt":{"rendered":"<p>W 1994 roku zrodzi\u0142a si\u0119 my\u015bl za\u0142o\u017cenia wyj\u0105tkowego biura podr\u00f3\u017cy, kt\u00f3re \u0142\u0105czy\u0142oby ludzi otwartego serca, przyja\u017anie nastawionych do drugiego cz\u0142owieka oraz spragnionych wra\u017ce\u0144 i poznawania \u015bwiata. Z czasem okaza\u0142o si\u0119, \u017ce idea ta zosta\u0142a przyj\u0119ta z entuzjazmem. Z tego te\u017c powodu w 2001 roku pojawi\u0142 si\u0119 kolejny pomys\u0142, aby da\u0107 sobie szans\u0119 na cz\u0119stsze ni\u017c [&hellip;]<\/p>\n","protected":false},"author":1,"featured_media":0,"parent":0,"menu_order":0,"comment_status":"closed","ping_status":"closed","template":"elementor_header_footer","meta":{"ocean_post_layout":"","ocean_both_sidebars_style":"","ocean_both_sidebars_content_width":0,"ocean_both_sidebars_sidebars_width":0,"ocean_sidebar":"","ocean_second_sidebar":"","ocean_disable_margins":"enable","ocean_add_body_class":"","ocean_shortcode_before_top_bar":"","ocean_shortcode_after_top_bar":"","ocean_shortcode_before_header":"","ocean_shortcode_after_header":"","ocean_has_shortcode":"","ocean_shortcode_after_title":"","ocean_shortcode_before_footer_widgets":"","ocean_shortcode_after_footer_widgets":"","ocean_shortcode_before_footer_bottom":"","ocean_shortcode_after_footer_bottom":"","ocean_display_top_bar":"default","ocean_display_header":"default","ocean_header_style":"","ocean_center_header_left_menu":"","ocean_custom_header_template":"","ocean_custom_logo":0,"ocean_custom_retina_logo":0,"ocean_custom_logo_max_width":0,"ocean_custom_logo_tablet_max_width":0,"ocean_custom_logo_mobile_max_width":0,"ocean_custom_logo_max_height":0,"ocean_custom_logo_tablet_max_height":0,"ocean_custom_logo_mobile_max_height":0,"ocean_header_custom_menu":"","ocean_menu_typo_font_family":"","ocean_menu_typo_font_subset":"","ocean_menu_typo_font_size":0,"ocean_menu_typo_font_size_tablet":0,"ocean_menu_typo_font_size_mobile":0,"ocean_menu_typo_font_size_unit":"px","ocean_menu_typo_font_weight":"","ocean_menu_typo_font_weight_tablet":"","ocean_menu_typo_font_weight_mobile":"","ocean_menu_typo_transform":"","ocean_menu_typo_transform_tablet":"","ocean_menu_typo_transform_mobile":"","ocean_menu_typo_line_height":0,"ocean_menu_typo_line_height_tablet":0,"ocean_menu_typo_line_height_mobile":0,"ocean_menu_typo_line_height_unit":"","ocean_menu_typo_spacing":0,"ocean_menu_typo_spacing_tablet":0,"ocean_menu_typo_spacing_mobile":0,"ocean_menu_typo_spacing_unit":"","ocean_menu_link_color":"","ocean_menu_link_color_hover":"","ocean_menu_link_color_active":"","ocean_menu_link_background":"","ocean_menu_link_hover_background":"","ocean_menu_link_active_background":"","ocean_menu_social_links_bg":"","ocean_menu_social_hover_links_bg":"","ocean_menu_social_links_color":"","ocean_menu_social_hover_links_color":"","ocean_disable_title":"default","ocean_disable_heading":"default","ocean_post_title":"","ocean_post_subheading":"","ocean_post_title_style":"","ocean_post_title_background_color":"","ocean_post_title_background":0,"ocean_post_title_bg_image_position":"","ocean_post_title_bg_image_attachment":"","ocean_post_title_bg_image_repeat":"","ocean_post_title_bg_image_size":"","ocean_post_title_height":0,"ocean_post_title_bg_overlay":0.5,"ocean_post_title_bg_overlay_color":"","ocean_disable_breadcrumbs":"default","ocean_breadcrumbs_color":"","ocean_breadcrumbs_separator_color":"","ocean_breadcrumbs_links_color":"","ocean_breadcrumbs_links_hover_color":"","ocean_display_footer_widgets":"default","ocean_display_footer_bottom":"default","ocean_custom_footer_template":"","footnotes":""},"class_list":["post-87","page","type-page","status-publish","hentry","entry"],"_links":{"self":[{"href":"https:\/\/atut.turystyka.pl\/pl\/wp-json\/wp\/v2\/pages\/87","targetHints":{"allow":["GET"]}}],"collection":[{"href":"https:\/\/atut.turystyka.pl\/pl\/wp-json\/wp\/v2\/pages"}],"about":[{"href":"https:\/\/atut.turystyka.pl\/pl\/wp-json\/wp\/v2\/types\/page"}],"author":[{"embeddable":true,"href":"https:\/\/atut.turystyka.pl\/pl\/wp-json\/wp\/v2\/users\/1"}],"replies":[{"embeddable":true,"href":"https:\/\/atut.turystyka.pl\/pl\/wp-json\/wp\/v2\/comments?post=87"}],"version-history":[{"count":7,"href":"https:\/\/atut.turystyka.pl\/pl\/wp-json\/wp\/v2\/pages\/87\/revisions"}],"predecessor-version":[{"id":95,"href":"https:\/\/atut.turystyka.pl\/pl\/wp-json\/wp\/v2\/pages\/87\/revisions\/95"}],"wp:attachment":[{"href":"https:\/\/atut.turystyka.pl\/pl\/wp-json\/wp\/v2\/media?parent=87"}],"curies":[{"name":"wp","href":"https:\/\/api.w.org\/{rel}","templated":true}]}}